{"id":3293,"date":"2017-08-15T17:26:59","date_gmt":"2017-08-15T17:26:59","guid":{"rendered":"https:\/\/verbekefoundation.com\/?page_id=3293"},"modified":"2025-10-13T07:33:34","modified_gmt":"2025-10-13T07:33:34","slug":"hedendaagse-kunst-2","status":"publish","type":"page","link":"https:\/\/verbekefoundation.com\/en\/hedendaagse-kunst-2\/","title":{"rendered":"contemporary art"},"content":{"rendered":"<div class=\"wpb-content-wrapper\"><p>[vc_row][vc_column][vc_column_text]<\/p>\n<h1><strong>HEDENDAAGSE KUNST<\/strong><\/h1>\n<p>[\/vc_column_text][\/vc_column][\/vc_row][vc_row][vc_column][vc_images_carousel images=&#8221;7002,7003,7004,7005,7006,7007,7008,7009&#8243; img_size=&#8221;full&#8221; speed=&#8221;2500&#8243;][\/vc_column][\/vc_row][vc_row][vc_column][vc_column_text]<strong>kunstenaars in de collectie<\/strong>[\/vc_column_text][\/vc_column][\/vc_row][vc_row][vc_column width=&#8221;1\/4&#8243;][vc_column_text]<strong>A.<\/strong><\/p>\n<p>&nbsp;<\/p>\n<p>Jamal Ageli<span class=\"Apple-converted-space\"><br \/>\n<\/span>AGWA Architecten<\/p>\n<p><strong>\u00a0<\/strong>[\/vc_column_text][\/vc_column][vc_column width=&#8221;1\/4&#8243;][vc_column_text]<strong>B.\u00a0<\/strong><\/p>\n<p>Thomas Bakker<br \/>\nWalter Beckers<br \/>\nWill Beckers<br \/>\nJean-Daniel Berclaz<br \/>\nArjen Boerstra<br \/>\nMarinus Boezem<br \/>\nTom Bogaert<br \/>\nMatthijs Bosman<br \/>\nAndries Botha<br \/>\nAndrea Branzi<br \/>\nSjoerd Buisman<br \/>\nKlaas Bullynck[\/vc_column_text][\/vc_column][vc_column width=&#8221;1\/4&#8243;][vc_column_text]<strong>C.<\/strong><\/p>\n<p>Fr\u00e9d\u00e9ric Castiau<br \/>\nBeno\u00eet Christiaens<br \/>\nRoger Claessens<br \/>\nCor Dam<br \/>\nCosco <strong>\u00a0<\/strong>[\/vc_column_text][\/vc_column][vc_column width=&#8221;1\/4&#8243;][vc_column_text]<strong>D.<\/strong><\/p>\n<p>Johan Daenen<br \/>\nBerlinde De Bruyckere<br \/>\nLouis de Cordier<br \/>\nPeter De Cupere<br \/>\nBert De Keyser<br \/>\nMarc de Roover<br \/>\nJoris De Rycke<br \/>\nGust De Schepper<br \/>\nherman de vries<br \/>\nRonald De Winter<br \/>\nAnnie Debie<br \/>\nDelphine Deguislage<br \/>\nLuc Deleu<br \/>\nKoen Deprez<br \/>\nGustaaf Dhondt<br \/>\nMark Dion<br \/>\ndmvA Architecten<span class=\"Apple-converted-space\"><br \/>\n<\/span>Griet Dobbels<br \/>\nLeo Dohmen<br \/>\nJan Doms<br \/>\nMarcin Dudek<br \/>\nBoris Duijneveld <span style=\"color: #999999;\">(MUD Projects )<\/span>[\/vc_column_text][\/vc_column][\/vc_row][vc_row][vc_column width=&#8221;1\/4&#8243;][vc_column_text]<strong>F.<\/strong><\/p>\n<p>Jan Fabre<br \/>\nJef Faes<br \/>\nInne Feenstra<br \/>\nZoro Feigl<br \/>\nAlex Fischer<br \/>\nSven Fritz<\/p>\n<p><strong>\u00a0<\/strong>[\/vc_column_text][\/vc_column][vc_column width=&#8221;1\/4&#8243;][vc_column_text]<strong>G.\u00a0<\/strong><\/p>\n<p>Ludo Giels<br \/>\nWim Gijzen[\/vc_column_text][\/vc_column][vc_column width=&#8221;1\/4&#8243;][vc_column_text]<strong>H.<\/strong><\/p>\n<p>Ahmed Haseeb<br \/>\nJan Henderikse<br \/>\nLodewijk Heylen<br \/>\nEwerdt Hilgemann<br \/>\nFlorentijn Hofman<\/p>\n<p><strong>\u00a0<\/strong>[\/vc_column_text][\/vc_column][vc_column width=&#8221;1\/4&#8243;][vc_column_text css=&#8221;&#8221;]<strong>J.<\/strong><\/p>\n<p>Theo Jansen<br \/>\nFrieke Janssens<br \/>\nKhaled Jarrar<br \/>\nFrits Jeuris<\/p>\n<p><strong>&nbsp;<\/strong>[\/vc_column_text][\/vc_column][\/vc_row][vc_row][vc_column width=&#8221;1\/4&#8243;][vc_column_text]<strong>K.<\/strong><\/p>\n<p>Jacobus Kloppenburg<br \/>\nEsther Kokmeijer<br \/>\nShlomo Koren[\/vc_column_text][\/vc_column][vc_column width=&#8221;1\/4&#8243;][vc_column_text]<b>L.<\/b><\/p>\n<p>Marcel L.A. Cockx<br \/>\nReinier Lagendijk<br \/>\nAnna Lange<br \/>\nHenri Lannoye<br \/>\nLouis Le Roy<br \/>\nMichael Linares<br \/>\nFrederik Lizen[\/vc_column_text][\/vc_column][vc_column width=&#8221;1\/4&#8243;][vc_column_text]<strong>M.<\/strong><\/p>\n<p class=\"p1\">Jo Maes<br \/>\nMARGE. Architecten<br \/>\nRyan Mendoza<br \/>\nBart Michielsen<br \/>\nNicolas Milh\u00e9<br \/>\nSachi Miyachi<\/p>\n<p><strong>\u00a0<\/strong>[\/vc_column_text][\/vc_column][vc_column width=&#8221;1\/4&#8243;][vc_column_text]<strong>N.<\/strong><\/p>\n<p>Bert Neumann<\/p>\n<p><strong>\u00a0<\/strong>[\/vc_column_text][\/vc_column][\/vc_row][vc_row][vc_column width=&#8221;1\/4&#8243;][vc_column_text]<strong>O.<\/strong><\/p>\n<p>Rapha\u00ebl August Opstaele<br \/>\nDenis Oudendijk<\/p>\n<p><strong><br \/>\n<\/strong><b><\/b>[\/vc_column_text][\/vc_column][vc_column width=&#8221;1\/4&#8243;][vc_column_text]<strong>P.<\/strong><\/p>\n<p>Panamarenko<br \/>\nPaul Panhuysen<br \/>\nPastoor Louis Van Overloop<span class=\"Apple-converted-space\"><br \/>\n<\/span>Joost Pauwaert<br \/>\nC\u00e9sare Peeren <span style=\"color: #999999;\">(Superuse studios)<\/span><br \/>\nJozef Peeters<br \/>\nIan Pieters<br \/>\nWim Poppe<br \/>\nAnssi Pulkkinen[\/vc_column_text][\/vc_column][vc_column width=&#8221;1\/4&#8243;][vc_column_text]<strong>R.<\/strong><\/p>\n<p>Marius Ritiu<br \/>\nGust Romijn<br \/>\nRooftoptiger<span class=\"Apple-converted-space\"><br \/>\n<\/span>Paul Rutger Bastiaan<\/p>\n<p><strong>\u00a0<\/strong>[\/vc_column_text][\/vc_column][vc_column width=&#8221;1\/4&#8243;][vc_column_text]<strong>S.<\/strong><\/p>\n<p>L\u00e9on Sarteel<br \/>\nPaul Segers<br \/>\nAndr\u00e9 Smits<br \/>\nPol Spilliaert<br \/>\nLiesbeth Spruytte<br \/>\nAlbert Szukalski<\/p>\n<p><strong>\u00a0<\/strong>[\/vc_column_text][\/vc_column][\/vc_row][vc_row][vc_column width=&#8221;1\/4&#8243;][vc_column_text]<strong>T.<\/strong><\/p>\n<p>Jean-Pierre Temmerman<br \/>\nAdrien Tirtiaux<br \/>\nDaddy Tshikaya<br \/>\nPiet Tuytel<\/p>\n<p><strong>\u00a0<\/strong>[\/vc_column_text][\/vc_column][vc_column width=&#8221;1\/4&#8243;][vc_column_text]<strong>U.<\/strong><\/p>\n<p>Martin uit den Bogaard<br \/>\nTimm Ulrichs[\/vc_column_text][\/vc_column][vc_column width=&#8221;1\/4&#8243;][vc_column_text]<strong>V.<\/strong><\/p>\n<p>Kevin van Braak<br \/>\nRen\u00e9 PJ Van Daele<br \/>\nPieter Van den Bosch<br \/>\nThijs van der Linden<br \/>\nJason van der Woude<br \/>\nKristof Van Gestel<br \/>\n\u00c9ric van Hove<br \/>\nAtelier Van Lieshout<br \/>\nJoep van Lieshout<br \/>\nPeter van Loon<br \/>\nHerman Van Nazareth<span class=\"Apple-converted-space\"><br \/>\n<\/span>Jan Van Oost<br \/>\nMichiel van Overbeek<br \/>\nLode Van Pee<br \/>\nNiko Van Stichel<br \/>\nHilde Van Sumere<br \/>\nMaarten Vanden Eynde<br \/>\nKoen Vanmechelen<br \/>\nJonas Vansteenkiste<br \/>\nErik Verboven<br \/>\nElmo Vermijs<br \/>\nMark Verstockt<br \/>\nLiliane Vertessen<br \/>\nTim Volckaert<br \/>\nVosters Vadim<\/p>\n<p><strong>\u00a0<\/strong>[\/vc_column_text][\/vc_column][vc_column width=&#8221;1\/4&#8243;][vc_column_text]<strong>W.<\/strong><\/p>\n<p>Stan Wannet<br \/>\nAeneas Wilder[\/vc_column_text][\/vc_column][\/vc_row][vc_row][vc_column width=&#8221;1\/4&#8243;][vc_column_text]<strong>Z.\u00a0<\/strong><\/p>\n<p>Henk Zoeteman<br \/>\nIzaak Zwartjes[\/vc_column_text][\/vc_column][vc_column width=&#8221;1\/2&#8243;][vc_column_text]<strong>COLLABORATIONS<\/strong><\/p>\n<p>Cristian Bors &amp; Marius Ritiu<\/p>\n<p>Sander Buyck &amp; Khaled Jarrar<\/p>\n<p>Floris De Cuyper &amp; Jan De Cuyper<\/p>\n<p>La\u00ebtitia Delauney &amp; Aur\u00e9lia Noudelmann<\/p>\n<p>Kane Kwei and Paa Joe<\/p>\n<p>Lafleur &amp; Tom Bogaert<\/p>\n<p>Michiel van Overbeek &amp; Ro Krauss<\/p>\n<p>Varvara &amp; Mar<\/p>\n<p>Sven Verbruggen &amp; Martijn Megens[\/vc_column_text][\/vc_column][vc_column width=&#8221;1\/4&#8243;][\/vc_column][\/vc_row][vc_row][\/vc_row][vc_column][\/vc_column][vc_column_text][\/vc_column_text]<\/p>\n<\/div>","protected":false},"excerpt":{"rendered":"<p>[vc_row][vc_column][vc_column_text] HEDENDAAGSE KUNST [\/vc_column_text][\/vc_column][\/vc_row][vc_row][vc_column][vc_images_carousel images=&#8221;7002,7003,7004,7005,7006,7007,7008,7009&#8243; img_size=&#8221;full&#8221; speed=&#8221;2500&#8243;][\/vc_column][\/vc_row][vc_row][vc_column][vc_column_text]kunstenaars in de collectie[\/vc_column_text][\/vc_column][\/vc_row][vc_row][vc_column width=&#8221;1\/4&#8243;][vc_column_text]A. &nbsp; Jamal Ageli AGWA Architecten \u00a0[\/vc_column_text][\/vc_column][vc_column width=&#8221;1\/4&#8243;][vc_column_text]B.\u00a0 Thomas Bakker Walter Beckers Will Beckers Jean-Daniel Berclaz Arjen Boerstra Marinus Boezem Tom Bogaert Matthijs Bosman Andries Botha Andrea Branzi Sjoerd Buisman Klaas Bullynck[\/vc_column_text][\/vc_column][vc_column width=&#8221;1\/4&#8243;][vc_column_text]C. Fr\u00e9d\u00e9ric Castiau Beno\u00eet Christiaens Roger Claessens Cor Dam Cosco \u00a0[\/vc_column_text][\/vc_column][vc_column width=&#8221;1\/4&#8243;][vc_column_text]D. Johan [&hellip;]<\/p>\n","protected":false},"author":5,"featured_media":0,"parent":0,"menu_order":0,"comment_status":"closed","ping_status":"closed","template":"template_fullwidth.php","meta":{"_monsterinsights_skip_tracking":false,"_monsterinsights_sitenote_active":false,"_monsterinsights_sitenote_note":"","_monsterinsights_sitenote_category":0,"footnotes":""},"class_list":["post-3293","page","type-page","status-publish","hentry"],"_links":{"self":[{"href":"https:\/\/verbekefoundation.com\/en\/wp-json\/wp\/v2\/pages\/3293","targetHints":{"allow":["GET"]}}],"collection":[{"href":"https:\/\/verbekefoundation.com\/en\/wp-json\/wp\/v2\/pages"}],"about":[{"href":"https:\/\/verbekefoundation.com\/en\/wp-json\/wp\/v2\/types\/page"}],"author":[{"embeddable":true,"href":"https:\/\/verbekefoundation.com\/en\/wp-json\/wp\/v2\/users\/5"}],"replies":[{"embeddable":true,"href":"https:\/\/verbekefoundation.com\/en\/wp-json\/wp\/v2\/comments?post=3293"}],"version-history":[{"count":25,"href":"https:\/\/verbekefoundation.com\/en\/wp-json\/wp\/v2\/pages\/3293\/revisions"}],"predecessor-version":[{"id":7955,"href":"https:\/\/verbekefoundation.com\/en\/wp-json\/wp\/v2\/pages\/3293\/revisions\/7955"}],"wp:attachment":[{"href":"https:\/\/verbekefoundation.com\/en\/wp-json\/wp\/v2\/media?parent=3293"}],"curies":[{"name":"wp","href":"https:\/\/api.w.org\/{rel}","templated":true}]}}