{"id":7326,"date":"2024-08-13T13:47:44","date_gmt":"2024-08-13T13:47:44","guid":{"rendered":"https:\/\/verbekefoundation.com\/?page_id=7326"},"modified":"2026-04-02T14:04:45","modified_gmt":"2026-04-02T14:04:45","slug":"museumcafe","status":"publish","type":"page","link":"https:\/\/verbekefoundation.com\/en\/museumcafe\/","title":{"rendered":"Museum Caf\u00e9"},"content":{"rendered":"<div class=\"wpb-content-wrapper\"><p>[vc_row][vc_column][vc_column_text css=&#8221;&#8221;]<\/p>\n<h1><strong>Museumcaf\u00e9<\/strong><\/h1>\n<p>&nbsp;<\/p>\n<p>De Verbeke Foundation beschikt over een ruim en sfeervol museumcaf\u00e9 met een groot aangrenzend terras met tuin. In het caf\u00e9 kunt u genieten van een uitgebreid aanbod aan warme en koude dranken. We bieden een simpele lunch aan, waarbij u kunt kiezen uit verse dagsoep, een Croque Monsieur of een Croque Hawa\u00ef met slaatje en een keuze aan taart. De soep is vegetarisch en ook de Croques kunt u vegetarisch bestellen.<\/p>\n<p>&nbsp;<\/p>\n<p>Voor groepen vanaf 12 personen hebben we op bestelling een keuze aan buffetten.<br \/>\nBoek uw buffet tenminste twee weken van tevoren per mail via:<br \/>\n<a href=\"mailto:boekingen@verbekefoundation.com\">boekingen@verbekefoundation.com<\/a><\/p>\n<p>&nbsp;<\/p>\n<p>Het museumcaf\u00e9 is geopend van 11:00 tot 18:00.<br \/>\nDe keuken sluit om 17:00.<\/p>\n<p>&nbsp;<\/p>\n<p class=\"p1\"><b>Honden zijn niet toegelaten.<br \/>\n<\/b>Officieel erkende hulphonden zijn toegestaan.<\/p>\n<p><strong>&nbsp;<\/strong><\/p>\n<p>&nbsp;<\/p>\n<p><img loading=\"lazy\" decoding=\"async\" class=\"alignleft wp-image-8270 size-full\" src=\"https:\/\/verbekefoundation.com\/wp-content\/uploads\/2026\/04\/RON06525.jpg\" alt=\"Verbeke Foundation, museumcaf\u00e9, foto Ron Janssens\" width=\"2000\" height=\"1333\" srcset=\"https:\/\/verbekefoundation.com\/wp-content\/uploads\/2026\/04\/RON06525.jpg 2000w, https:\/\/verbekefoundation.com\/wp-content\/uploads\/2026\/04\/RON06525-300x200.jpg 300w, https:\/\/verbekefoundation.com\/wp-content\/uploads\/2026\/04\/RON06525-768x512.jpg 768w, https:\/\/verbekefoundation.com\/wp-content\/uploads\/2026\/04\/RON06525-1536x1024.jpg 1536w, https:\/\/verbekefoundation.com\/wp-content\/uploads\/2026\/04\/RON06525-900x600.jpg 900w\" sizes=\"auto, (max-width: 2000px) 100vw, 2000px\" \/>[\/vc_column_text][\/vc_column][\/vc_row]<\/p>\n<\/div>","protected":false},"excerpt":{"rendered":"<p>[vc_row][vc_column][vc_column_text css=&#8221;&#8221;] Museumcaf\u00e9 &nbsp; De Verbeke Foundation beschikt over een ruim en sfeervol museumcaf\u00e9 met een groot aangrenzend terras met tuin. In het caf\u00e9 kunt u genieten van een uitgebreid aanbod aan warme en koude dranken. We bieden een simpele lunch aan, waarbij u kunt kiezen uit verse dagsoep, een Croque Monsieur of een Croque [&hellip;]<\/p>\n","protected":false},"author":5,"featured_media":0,"parent":0,"menu_order":0,"comment_status":"closed","ping_status":"closed","template":"template_fullwidth.php","meta":{"_monsterinsights_skip_tracking":false,"_monsterinsights_sitenote_active":false,"_monsterinsights_sitenote_note":"","_monsterinsights_sitenote_category":0,"footnotes":""},"class_list":["post-7326","page","type-page","status-publish","hentry"],"_links":{"self":[{"href":"https:\/\/verbekefoundation.com\/en\/wp-json\/wp\/v2\/pages\/7326","targetHints":{"allow":["GET"]}}],"collection":[{"href":"https:\/\/verbekefoundation.com\/en\/wp-json\/wp\/v2\/pages"}],"about":[{"href":"https:\/\/verbekefoundation.com\/en\/wp-json\/wp\/v2\/types\/page"}],"author":[{"embeddable":true,"href":"https:\/\/verbekefoundation.com\/en\/wp-json\/wp\/v2\/users\/5"}],"replies":[{"embeddable":true,"href":"https:\/\/verbekefoundation.com\/en\/wp-json\/wp\/v2\/comments?post=7326"}],"version-history":[{"count":17,"href":"https:\/\/verbekefoundation.com\/en\/wp-json\/wp\/v2\/pages\/7326\/revisions"}],"predecessor-version":[{"id":8271,"href":"https:\/\/verbekefoundation.com\/en\/wp-json\/wp\/v2\/pages\/7326\/revisions\/8271"}],"wp:attachment":[{"href":"https:\/\/verbekefoundation.com\/en\/wp-json\/wp\/v2\/media?parent=7326"}],"curies":[{"name":"wp","href":"https:\/\/api.w.org\/{rel}","templated":true}]}}